{"id":960,"date":"2025-11-28T13:57:48","date_gmt":"2025-11-28T10:57:48","guid":{"rendered":"https:\/\/laurateknoloji.com.tr\/?post_type=product&#038;p=960"},"modified":"2025-11-28T13:57:48","modified_gmt":"2025-11-28T10:57:48","slug":"amd-ryzen-7-9800x3d-soket-am5-4-7-5-2ghz-96mb-120w-5nm-100-1000001084wof-kutulu-islemci","status":"publish","type":"product","link":"https:\/\/laurateknoloji.com.tr\/index.php\/urun\/amd-ryzen-7-9800x3d-soket-am5-4-7-5-2ghz-96mb-120w-5nm-100-1000001084wof-kutulu-islemci\/","title":{"rendered":"AMD Ryzen 7 9800X3D Soket AM5 4.7\/5.2GHz 96MB 120W 5nm 100-1000001084WOF Kutulu i\u015flemci"},"content":{"rendered":"<table style=\"height: 435px;\" width=\"488\" data-path-to-node=\"1\">\n<thead>\n<tr>\n<td><strong>\u00d6zellik<\/strong><\/td>\n<td><strong>De\u011fer<\/strong><\/td>\n<\/tr>\n<\/thead>\n<tbody>\n<tr>\n<td><span data-path-to-node=\"1,1,0,0\"><b>Soket Tipi<\/b><\/span><\/td>\n<td><span data-path-to-node=\"1,1,1,0\">AM5<\/span><\/td>\n<\/tr>\n<tr>\n<td><span data-path-to-node=\"1,2,0,0\"><b>\u0130\u015flemci Serisi<\/b><\/span><\/td>\n<td><span data-path-to-node=\"1,2,1,0\">Ryzen 7<\/span><\/td>\n<\/tr>\n<tr>\n<td><span data-path-to-node=\"1,3,0,0\"><b>\u0130\u015flemci \u00c7ekirdek Say\u0131s\u0131<\/b><\/span><\/td>\n<td><span data-path-to-node=\"1,3,1,0\">8 \u00c7ekirdek<\/span><\/td>\n<\/tr>\n<tr>\n<td><span data-path-to-node=\"1,4,0,0\"><b>Toplam \u0130\u015f Par\u00e7ac\u0131\u011f\u0131 Say\u0131s\u0131<\/b><\/span><\/td>\n<td><span data-path-to-node=\"1,4,1,0\">16<\/span><\/td>\n<\/tr>\n<tr>\n<td><span data-path-to-node=\"1,5,0,0\"><b>\u0130\u015flemci H\u0131z\u0131<\/b><\/span><\/td>\n<td><span data-path-to-node=\"1,5,1,0\">4.7 GHz<\/span><\/td>\n<\/tr>\n<tr>\n<td><span data-path-to-node=\"1,6,0,0\"><b>\u0130\u015flemci H\u0131z\u0131 Maks.<\/b><\/span><\/td>\n<td><span data-path-to-node=\"1,6,1,0\">5.2 GHz<\/span><\/td>\n<\/tr>\n<tr>\n<td><span data-path-to-node=\"1,7,0,0\"><b>\u00dcretim Teknolojisi<\/b><\/span><\/td>\n<td><span data-path-to-node=\"1,7,1,0\">5nm<\/span><\/td>\n<\/tr>\n<tr>\n<td><span data-path-to-node=\"1,8,0,0\"><b>Entegre Grafik Kart\u0131<\/b><\/span><\/td>\n<td><span data-path-to-node=\"1,8,1,0\">Var<\/span><\/td>\n<\/tr>\n<tr>\n<td><span data-path-to-node=\"1,9,0,0\"><b>Grafik Kart\u0131 Chipseti<\/b><\/span><\/td>\n<td><span data-path-to-node=\"1,9,1,0\">AMD Radeon Graphics<\/span><\/td>\n<\/tr>\n<tr>\n<td><span data-path-to-node=\"1,10,0,0\"><b>Ram Tipi<\/b><\/span><\/td>\n<td><span data-path-to-node=\"1,10,1,0\">DDR5<\/span><\/td>\n<\/tr>\n<tr>\n<td><span data-path-to-node=\"1,11,0,0\"><b>Ram Frekans\u0131<\/b><\/span><\/td>\n<td><span data-path-to-node=\"1,11,1,0\">5600 MHz<\/span><\/td>\n<\/tr>\n<tr>\n<td><span data-path-to-node=\"1,12,0,0\"><b>G\u00fc\u00e7 T\u00fcketimi<\/b><\/span><\/td>\n<td><span data-path-to-node=\"1,12,1,0\">120 W<\/span><\/td>\n<\/tr>\n<tr>\n<td><span data-path-to-node=\"1,13,0,0\"><b>So\u011futucu<\/b><\/span><\/td>\n<td><span data-path-to-node=\"1,13,1,0\">Dahil De\u011fil<\/span><\/td>\n<\/tr>\n<\/tbody>\n<\/table>\n","protected":false},"excerpt":{"rendered":"<p>\u00d6zellik De\u011fer Soket Tipi AM5 \u0130\u015flemci Serisi Ryzen 7 \u0130\u015flemci \u00c7ekirdek Say\u0131s\u0131 8 \u00c7ekirdek Toplam \u0130\u015f Par\u00e7ac\u0131\u011f\u0131 Say\u0131s\u0131 16 \u0130\u015flemci H\u0131z\u0131 4.7 GHz \u0130\u015flemci H\u0131z\u0131 Maks.<span class=\"excerpt-hellip\"> [\u2026]<\/span><\/p>\n","protected":false},"featured_media":961,"comment_status":"open","ping_status":"closed","template":"","meta":[],"product_brand":[],"product_cat":[160,161],"product_tag":[],"class_list":{"0":"post-960","1":"product","2":"type-product","3":"status-publish","4":"has-post-thumbnail","6":"product_cat-bilgisayar-parcalari","7":"product_cat-islemci","9":"first","10":"instock","11":"shipping-taxable","12":"purchasable","13":"product-type-simple"},"_links":{"self":[{"href":"https:\/\/laurateknoloji.com.tr\/index.php\/wp-json\/wp\/v2\/product\/960","targetHints":{"allow":["GET"]}}],"collection":[{"href":"https:\/\/laurateknoloji.com.tr\/index.php\/wp-json\/wp\/v2\/product"}],"about":[{"href":"https:\/\/laurateknoloji.com.tr\/index.php\/wp-json\/wp\/v2\/types\/product"}],"replies":[{"embeddable":true,"href":"https:\/\/laurateknoloji.com.tr\/index.php\/wp-json\/wp\/v2\/comments?post=960"}],"version-history":[{"count":1,"href":"https:\/\/laurateknoloji.com.tr\/index.php\/wp-json\/wp\/v2\/product\/960\/revisions"}],"predecessor-version":[{"id":962,"href":"https:\/\/laurateknoloji.com.tr\/index.php\/wp-json\/wp\/v2\/product\/960\/revisions\/962"}],"wp:featuredmedia":[{"embeddable":true,"href":"https:\/\/laurateknoloji.com.tr\/index.php\/wp-json\/wp\/v2\/media\/961"}],"wp:attachment":[{"href":"https:\/\/laurateknoloji.com.tr\/index.php\/wp-json\/wp\/v2\/media?parent=960"}],"wp:term":[{"taxonomy":"product_brand","embeddable":true,"href":"https:\/\/laurateknoloji.com.tr\/index.php\/wp-json\/wp\/v2\/product_brand?post=960"},{"taxonomy":"product_cat","embeddable":true,"href":"https:\/\/laurateknoloji.com.tr\/index.php\/wp-json\/wp\/v2\/product_cat?post=960"},{"taxonomy":"product_tag","embeddable":true,"href":"https:\/\/laurateknoloji.com.tr\/index.php\/wp-json\/wp\/v2\/product_tag?post=960"}],"curies":[{"name":"wp","href":"https:\/\/api.w.org\/{rel}","templated":true}]}}