{"id":1314,"date":"2025-11-29T10:01:07","date_gmt":"2025-11-29T07:01:07","guid":{"rendered":"https:\/\/laurateknoloji.com.tr\/?post_type=product&#038;p=1314"},"modified":"2025-11-29T10:01:07","modified_gmt":"2025-11-29T07:01:07","slug":"amd-ryzen-9700x-msi-geforce-rtx-5070-ti-16gb-msi-b650-gaming-plus-wifi-32gb-ddr5-1tb-ssd","status":"publish","type":"product","link":"https:\/\/laurateknoloji.com.tr\/index.php\/urun\/amd-ryzen-9700x-msi-geforce-rtx-5070-ti-16gb-msi-b650-gaming-plus-wifi-32gb-ddr5-1tb-ssd\/","title":{"rendered":"AMD RYZEN 9700X-MSI GeForce RTX 5070 Ti 16GB-MSI B650 GAMING PLUS WIFI-32GB DDR5-1TB SSD"},"content":{"rendered":"<table data-path-to-node=\"3\">\n<thead>\n<tr>\n<td><strong>\u00d6zellik<\/strong><\/td>\n<td><strong>De\u011fer<\/strong><\/td>\n<td><strong>De\u011ferlendirme<\/strong><\/td>\n<\/tr>\n<\/thead>\n<tbody>\n<tr>\n<td><span data-path-to-node=\"3,1,0,0\"><b>GPU (Ekran Kart\u0131)<\/b><\/span><\/td>\n<td><span data-path-to-node=\"3,1,1,0\"><b>GeForce RTX 5070 Ti<\/b><\/span><\/td>\n<td><span data-path-to-node=\"3,1,2,0\">NVIDIA&#8217;n\u0131n yeni nesil g\u00fc\u00e7l\u00fc ekran kart\u0131.<\/span><\/td>\n<\/tr>\n<tr>\n<td><span data-path-to-node=\"3,2,0,0\"><b>\u0130\u015flemci Modeli<\/b><\/span><\/td>\n<td><span data-path-to-node=\"3,2,1,0\"><b>R7 9700X<\/b><\/span><\/td>\n<td><span data-path-to-node=\"3,2,2,0\">AMD&#8217;nin yeni nesil <b>Ryzen 7<\/b> serisi i\u015flemcisi olmas\u0131 beklenmektedir.<\/span><\/td>\n<\/tr>\n<tr>\n<td><span data-path-to-node=\"3,3,0,0\"><b>\u0130\u015flemci Serisi<\/b><\/span><\/td>\n<td><span data-path-to-node=\"3,3,1,0\"><b>Ryzen 7<\/b><\/span><\/td>\n<td><span data-path-to-node=\"3,3,2,0\">Y\u00fcksek performansl\u0131 i\u015flemci ailesi.<\/span><\/td>\n<\/tr>\n<\/tbody>\n<\/table>\n","protected":false},"excerpt":{"rendered":"<p>\u00d6zellik De\u011fer De\u011ferlendirme GPU (Ekran Kart\u0131) GeForce RTX 5070 Ti NVIDIA&#8217;n\u0131n yeni nesil g\u00fc\u00e7l\u00fc ekran kart\u0131. \u0130\u015flemci Modeli R7 9700X AMD&#8217;nin yeni nesil Ryzen 7 serisi<span class=\"excerpt-hellip\"> [\u2026]<\/span><\/p>\n","protected":false},"featured_media":1315,"comment_status":"open","ping_status":"closed","template":"","meta":[],"product_brand":[],"product_cat":[174,171],"product_tag":[],"class_list":{"0":"post-1314","1":"product","2":"type-product","3":"status-publish","4":"has-post-thumbnail","6":"product_cat-msi-oem-paketler","7":"product_cat-oem-paketler","9":"first","10":"instock","11":"shipping-taxable","12":"purchasable","13":"product-type-simple"},"_links":{"self":[{"href":"https:\/\/laurateknoloji.com.tr\/index.php\/wp-json\/wp\/v2\/product\/1314","targetHints":{"allow":["GET"]}}],"collection":[{"href":"https:\/\/laurateknoloji.com.tr\/index.php\/wp-json\/wp\/v2\/product"}],"about":[{"href":"https:\/\/laurateknoloji.com.tr\/index.php\/wp-json\/wp\/v2\/types\/product"}],"replies":[{"embeddable":true,"href":"https:\/\/laurateknoloji.com.tr\/index.php\/wp-json\/wp\/v2\/comments?post=1314"}],"version-history":[{"count":1,"href":"https:\/\/laurateknoloji.com.tr\/index.php\/wp-json\/wp\/v2\/product\/1314\/revisions"}],"predecessor-version":[{"id":1316,"href":"https:\/\/laurateknoloji.com.tr\/index.php\/wp-json\/wp\/v2\/product\/1314\/revisions\/1316"}],"wp:featuredmedia":[{"embeddable":true,"href":"https:\/\/laurateknoloji.com.tr\/index.php\/wp-json\/wp\/v2\/media\/1315"}],"wp:attachment":[{"href":"https:\/\/laurateknoloji.com.tr\/index.php\/wp-json\/wp\/v2\/media?parent=1314"}],"wp:term":[{"taxonomy":"product_brand","embeddable":true,"href":"https:\/\/laurateknoloji.com.tr\/index.php\/wp-json\/wp\/v2\/product_brand?post=1314"},{"taxonomy":"product_cat","embeddable":true,"href":"https:\/\/laurateknoloji.com.tr\/index.php\/wp-json\/wp\/v2\/product_cat?post=1314"},{"taxonomy":"product_tag","embeddable":true,"href":"https:\/\/laurateknoloji.com.tr\/index.php\/wp-json\/wp\/v2\/product_tag?post=1314"}],"curies":[{"name":"wp","href":"https:\/\/api.w.org\/{rel}","templated":true}]}}