{"id":1299,"date":"2025-11-28T17:52:41","date_gmt":"2025-11-28T14:52:41","guid":{"rendered":"https:\/\/laurateknoloji.com.tr\/?post_type=product&#038;p=1299"},"modified":"2025-11-28T17:52:41","modified_gmt":"2025-11-28T14:52:41","slug":"amd-9800x3d-gigabyte-rtx-5080-gaming-oc-16g-7-gigabyte-b850-ddr5-1tb-ssd-32gb-ddr5","status":"publish","type":"product","link":"https:\/\/laurateknoloji.com.tr\/index.php\/urun\/amd-9800x3d-gigabyte-rtx-5080-gaming-oc-16g-7-gigabyte-b850-ddr5-1tb-ssd-32gb-ddr5\/","title":{"rendered":"AMD 9800X3D-GIGABYTE RTX 5080 GAMING OC 16G 7-GIGABYTE B850 DDR5-1TB SSD-32GB DDR5"},"content":{"rendered":"<table data-path-to-node=\"2\">\n<thead>\n<tr>\n<td><strong>\u00d6zellik<\/strong><\/td>\n<td><strong>De\u011fer<\/strong><\/td>\n<\/tr>\n<\/thead>\n<tbody>\n<tr>\n<td><span data-path-to-node=\"2,1,0,0\"><b>GPU \u00dcreticisi<\/b><\/span><\/td>\n<td><span data-path-to-node=\"2,1,1,0\"><b>NVIDIA<\/b><\/span><\/td>\n<\/tr>\n<tr>\n<td><span data-path-to-node=\"2,2,0,0\"><b>Grafik \u0130\u015flemci<\/b><\/span><\/td>\n<td><span data-path-to-node=\"2,2,1,0\"><b>GeForce RTX 5080<\/b><\/span><\/td>\n<\/tr>\n<tr>\n<td><span data-path-to-node=\"2,3,0,0\"><b>\u0130\u015flemci Serisi<\/b><\/span><\/td>\n<td><span data-path-to-node=\"2,3,1,0\"><b>Ryzen 7<\/b><\/span><\/td>\n<\/tr>\n<tr>\n<td><span data-path-to-node=\"2,4,0,0\"><b>\u0130\u015flemci Modeli<\/b><\/span><\/td>\n<td><span data-path-to-node=\"2,4,1,0\"><b>R7 9800X3D<\/b><\/span><\/td>\n<\/tr>\n<\/tbody>\n<\/table>\n","protected":false},"excerpt":{"rendered":"<p>\u00d6zellik De\u011fer GPU \u00dcreticisi NVIDIA Grafik \u0130\u015flemci GeForce RTX 5080 \u0130\u015flemci Serisi Ryzen 7 \u0130\u015flemci Modeli R7 9800X3D<\/p>\n","protected":false},"featured_media":1300,"comment_status":"open","ping_status":"closed","template":"","meta":[],"product_brand":[],"product_cat":[173,171],"product_tag":[],"class_list":{"0":"post-1299","1":"product","2":"type-product","3":"status-publish","4":"has-post-thumbnail","6":"product_cat-gigabyte-oem-paketler","7":"product_cat-oem-paketler","9":"first","10":"instock","11":"shipping-taxable","12":"purchasable","13":"product-type-simple"},"_links":{"self":[{"href":"https:\/\/laurateknoloji.com.tr\/index.php\/wp-json\/wp\/v2\/product\/1299","targetHints":{"allow":["GET"]}}],"collection":[{"href":"https:\/\/laurateknoloji.com.tr\/index.php\/wp-json\/wp\/v2\/product"}],"about":[{"href":"https:\/\/laurateknoloji.com.tr\/index.php\/wp-json\/wp\/v2\/types\/product"}],"replies":[{"embeddable":true,"href":"https:\/\/laurateknoloji.com.tr\/index.php\/wp-json\/wp\/v2\/comments?post=1299"}],"version-history":[{"count":1,"href":"https:\/\/laurateknoloji.com.tr\/index.php\/wp-json\/wp\/v2\/product\/1299\/revisions"}],"predecessor-version":[{"id":1301,"href":"https:\/\/laurateknoloji.com.tr\/index.php\/wp-json\/wp\/v2\/product\/1299\/revisions\/1301"}],"wp:featuredmedia":[{"embeddable":true,"href":"https:\/\/laurateknoloji.com.tr\/index.php\/wp-json\/wp\/v2\/media\/1300"}],"wp:attachment":[{"href":"https:\/\/laurateknoloji.com.tr\/index.php\/wp-json\/wp\/v2\/media?parent=1299"}],"wp:term":[{"taxonomy":"product_brand","embeddable":true,"href":"https:\/\/laurateknoloji.com.tr\/index.php\/wp-json\/wp\/v2\/product_brand?post=1299"},{"taxonomy":"product_cat","embeddable":true,"href":"https:\/\/laurateknoloji.com.tr\/index.php\/wp-json\/wp\/v2\/product_cat?post=1299"},{"taxonomy":"product_tag","embeddable":true,"href":"https:\/\/laurateknoloji.com.tr\/index.php\/wp-json\/wp\/v2\/product_tag?post=1299"}],"curies":[{"name":"wp","href":"https:\/\/api.w.org\/{rel}","templated":true}]}}