{"id":1296,"date":"2025-11-28T17:38:50","date_gmt":"2025-11-28T14:38:50","guid":{"rendered":"https:\/\/laurateknoloji.com.tr\/?post_type=product&#038;p=1296"},"modified":"2025-11-28T17:38:50","modified_gmt":"2025-11-28T14:38:50","slug":"amd-7800x3d-gigabyte-radeon-rx-9070-xt-gaming-oc-16gb-rgb-b650m-d3hp-32gb-ddr5-1tb","status":"publish","type":"product","link":"https:\/\/laurateknoloji.com.tr\/index.php\/urun\/amd-7800x3d-gigabyte-radeon-rx-9070-xt-gaming-oc-16gb-rgb-b650m-d3hp-32gb-ddr5-1tb\/","title":{"rendered":"AMD 7800X3D-GIGABYTE Radeon RX 9070 XT GAMING OC 16GB RGB -B650M-D3HP-32GB DDR5-1TB"},"content":{"rendered":"<table data-path-to-node=\"7\">\n<thead>\n<tr>\n<td><strong>\u00d6zellik<\/strong><\/td>\n<td><strong>De\u011fer<\/strong><\/td>\n<\/tr>\n<\/thead>\n<tbody>\n<tr>\n<td><span data-path-to-node=\"7,1,0,0\"><b>GPU \u00dcreticisi<\/b><\/span><\/td>\n<td><span data-path-to-node=\"7,1,1,0\"><b>AMD<\/b><\/span><\/td>\n<\/tr>\n<tr>\n<td><span data-path-to-node=\"7,2,0,0\"><b>Grafik \u0130\u015flemci<\/b><\/span><\/td>\n<td><span data-path-to-node=\"7,2,1,0\"><b>RADEON RX 9070 XT<\/b><\/span><\/td>\n<\/tr>\n<tr>\n<td><span data-path-to-node=\"7,3,0,0\"><b>\u0130\u015flemci Serisi<\/b><\/span><\/td>\n<td><span data-path-to-node=\"7,3,1,0\"><b>Ryzen 7<\/b><\/span><\/td>\n<\/tr>\n<tr>\n<td><span data-path-to-node=\"7,4,0,0\"><b>\u0130\u015flemci Modeli<\/b><\/span><\/td>\n<td><span data-path-to-node=\"7,4,1,0\"><b>R7 7800X3D<\/b><\/span><\/td>\n<\/tr>\n<\/tbody>\n<\/table>\n","protected":false},"excerpt":{"rendered":"<p>\u00d6zellik De\u011fer GPU \u00dcreticisi AMD Grafik \u0130\u015flemci RADEON RX 9070 XT \u0130\u015flemci Serisi Ryzen 7 \u0130\u015flemci Modeli R7 7800X3D<\/p>\n","protected":false},"featured_media":1297,"comment_status":"open","ping_status":"closed","template":"","meta":[],"product_brand":[],"product_cat":[173,171],"product_tag":[],"class_list":{"0":"post-1296","1":"product","2":"type-product","3":"status-publish","4":"has-post-thumbnail","6":"product_cat-gigabyte-oem-paketler","7":"product_cat-oem-paketler","9":"first","10":"instock","11":"shipping-taxable","12":"purchasable","13":"product-type-simple"},"_links":{"self":[{"href":"https:\/\/laurateknoloji.com.tr\/index.php\/wp-json\/wp\/v2\/product\/1296","targetHints":{"allow":["GET"]}}],"collection":[{"href":"https:\/\/laurateknoloji.com.tr\/index.php\/wp-json\/wp\/v2\/product"}],"about":[{"href":"https:\/\/laurateknoloji.com.tr\/index.php\/wp-json\/wp\/v2\/types\/product"}],"replies":[{"embeddable":true,"href":"https:\/\/laurateknoloji.com.tr\/index.php\/wp-json\/wp\/v2\/comments?post=1296"}],"version-history":[{"count":1,"href":"https:\/\/laurateknoloji.com.tr\/index.php\/wp-json\/wp\/v2\/product\/1296\/revisions"}],"predecessor-version":[{"id":1298,"href":"https:\/\/laurateknoloji.com.tr\/index.php\/wp-json\/wp\/v2\/product\/1296\/revisions\/1298"}],"wp:featuredmedia":[{"embeddable":true,"href":"https:\/\/laurateknoloji.com.tr\/index.php\/wp-json\/wp\/v2\/media\/1297"}],"wp:attachment":[{"href":"https:\/\/laurateknoloji.com.tr\/index.php\/wp-json\/wp\/v2\/media?parent=1296"}],"wp:term":[{"taxonomy":"product_brand","embeddable":true,"href":"https:\/\/laurateknoloji.com.tr\/index.php\/wp-json\/wp\/v2\/product_brand?post=1296"},{"taxonomy":"product_cat","embeddable":true,"href":"https:\/\/laurateknoloji.com.tr\/index.php\/wp-json\/wp\/v2\/product_cat?post=1296"},{"taxonomy":"product_tag","embeddable":true,"href":"https:\/\/laurateknoloji.com.tr\/index.php\/wp-json\/wp\/v2\/product_tag?post=1296"}],"curies":[{"name":"wp","href":"https:\/\/api.w.org\/{rel}","templated":true}]}}