{"id":1290,"date":"2025-11-28T17:33:08","date_gmt":"2025-11-28T14:33:08","guid":{"rendered":"https:\/\/laurateknoloji.com.tr\/?post_type=product&#038;p=1290"},"modified":"2025-11-28T17:33:08","modified_gmt":"2025-11-28T14:33:08","slug":"intel-core-ultra-7-265kf-gigabyte-geforce-rtx-5070-ti-aero-oc-16g-gddr7-rgb-16gb-gigabyte-b860-16gb-ddr5-1tb-ssd","status":"publish","type":"product","link":"https:\/\/laurateknoloji.com.tr\/index.php\/urun\/intel-core-ultra-7-265kf-gigabyte-geforce-rtx-5070-ti-aero-oc-16g-gddr7-rgb-16gb-gigabyte-b860-16gb-ddr5-1tb-ssd\/","title":{"rendered":"Intel Core Ultra 7 265KF-GIGABYTE GeForce RTX 5070 Ti AERO OC 16G GDDR7 RGB 16GB-GIGABYTE B860-16GB DDR5-1TB SSD"},"content":{"rendered":"<table data-path-to-node=\"1\">\n<thead>\n<tr>\n<td><strong>\u00d6zellik<\/strong><\/td>\n<td><strong>De\u011fer<\/strong><\/td>\n<\/tr>\n<\/thead>\n<tbody>\n<tr>\n<td><span data-path-to-node=\"1,1,0,0\"><b>GPU \u00dcreticisi<\/b><\/span><\/td>\n<td><span data-path-to-node=\"1,1,1,0\"><b>NVIDIA<\/b><\/span><\/td>\n<\/tr>\n<tr>\n<td><span data-path-to-node=\"1,2,0,0\"><b>Grafik \u0130\u015flemci<\/b><\/span><\/td>\n<td><span data-path-to-node=\"1,2,1,0\"><b>GeForce RTX 5070 Ti<\/b><\/span><\/td>\n<\/tr>\n<tr>\n<td><span data-path-to-node=\"1,3,0,0\"><b>\u0130\u015flemci Serisi<\/b><\/span><\/td>\n<td><span data-path-to-node=\"1,3,1,0\"><b>Core Ultra 5<\/b><\/span><\/td>\n<\/tr>\n<tr>\n<td><span data-path-to-node=\"1,4,0,0\"><b>\u0130\u015flemci Modeli<\/b><\/span><\/td>\n<td><span data-path-to-node=\"1,4,1,0\"><b>Ultra 7 265KF<\/b><\/span><\/td>\n<\/tr>\n<\/tbody>\n<\/table>\n","protected":false},"excerpt":{"rendered":"<p>\u00d6zellik De\u011fer GPU \u00dcreticisi NVIDIA Grafik \u0130\u015flemci GeForce RTX 5070 Ti \u0130\u015flemci Serisi Core Ultra 5 \u0130\u015flemci Modeli Ultra 7 265KF<\/p>\n","protected":false},"featured_media":1291,"comment_status":"open","ping_status":"closed","template":"","meta":[],"product_brand":[],"product_cat":[173,171],"product_tag":[],"class_list":{"0":"post-1290","1":"product","2":"type-product","3":"status-publish","4":"has-post-thumbnail","6":"product_cat-gigabyte-oem-paketler","7":"product_cat-oem-paketler","9":"first","10":"instock","11":"shipping-taxable","12":"purchasable","13":"product-type-simple"},"_links":{"self":[{"href":"https:\/\/laurateknoloji.com.tr\/index.php\/wp-json\/wp\/v2\/product\/1290","targetHints":{"allow":["GET"]}}],"collection":[{"href":"https:\/\/laurateknoloji.com.tr\/index.php\/wp-json\/wp\/v2\/product"}],"about":[{"href":"https:\/\/laurateknoloji.com.tr\/index.php\/wp-json\/wp\/v2\/types\/product"}],"replies":[{"embeddable":true,"href":"https:\/\/laurateknoloji.com.tr\/index.php\/wp-json\/wp\/v2\/comments?post=1290"}],"version-history":[{"count":1,"href":"https:\/\/laurateknoloji.com.tr\/index.php\/wp-json\/wp\/v2\/product\/1290\/revisions"}],"predecessor-version":[{"id":1292,"href":"https:\/\/laurateknoloji.com.tr\/index.php\/wp-json\/wp\/v2\/product\/1290\/revisions\/1292"}],"wp:featuredmedia":[{"embeddable":true,"href":"https:\/\/laurateknoloji.com.tr\/index.php\/wp-json\/wp\/v2\/media\/1291"}],"wp:attachment":[{"href":"https:\/\/laurateknoloji.com.tr\/index.php\/wp-json\/wp\/v2\/media?parent=1290"}],"wp:term":[{"taxonomy":"product_brand","embeddable":true,"href":"https:\/\/laurateknoloji.com.tr\/index.php\/wp-json\/wp\/v2\/product_brand?post=1290"},{"taxonomy":"product_cat","embeddable":true,"href":"https:\/\/laurateknoloji.com.tr\/index.php\/wp-json\/wp\/v2\/product_cat?post=1290"},{"taxonomy":"product_tag","embeddable":true,"href":"https:\/\/laurateknoloji.com.tr\/index.php\/wp-json\/wp\/v2\/product_tag?post=1290"}],"curies":[{"name":"wp","href":"https:\/\/api.w.org\/{rel}","templated":true}]}}