{"id":1284,"date":"2025-11-28T17:28:02","date_gmt":"2025-11-28T14:28:02","guid":{"rendered":"https:\/\/laurateknoloji.com.tr\/?post_type=product&#038;p=1284"},"modified":"2025-11-28T17:28:03","modified_gmt":"2025-11-28T14:28:03","slug":"amd-ryzen-7-7800x3d-asus-tuf-gaming-geforce-rtx-5090-32gb-asus-x870-kingston-32gb-1tb-ssd","status":"publish","type":"product","link":"https:\/\/laurateknoloji.com.tr\/index.php\/urun\/amd-ryzen-7-7800x3d-asus-tuf-gaming-geforce-rtx-5090-32gb-asus-x870-kingston-32gb-1tb-ssd\/","title":{"rendered":"AMD Ryzen 7 7800X3D-ASUS TUF Gaming GeForce RTX 5090 32GB-ASUS X870-KINGSTON 32GB-1TB SSD"},"content":{"rendered":"<table data-path-to-node=\"1\">\n<thead>\n<tr>\n<td><strong>\u00d6zellik<\/strong><\/td>\n<td><strong>De\u011fer<\/strong><\/td>\n<\/tr>\n<\/thead>\n<tbody>\n<tr>\n<td><span data-path-to-node=\"1,1,0,0\"><b>GPU \u00dcreticisi<\/b><\/span><\/td>\n<td><span data-path-to-node=\"1,1,1,0\"><b>NVIDIA<\/b><\/span><\/td>\n<\/tr>\n<tr>\n<td><span data-path-to-node=\"1,2,0,0\"><b>Grafik \u0130\u015flemci<\/b><\/span><\/td>\n<td><span data-path-to-node=\"1,2,1,0\"><b>GeForce RTX 5090<\/b><\/span><\/td>\n<\/tr>\n<tr>\n<td><span data-path-to-node=\"1,3,0,0\"><b>\u0130\u015flemci Serisi<\/b><\/span><\/td>\n<td><span data-path-to-node=\"1,3,1,0\"><b>Ryzen 7<\/b><\/span><\/td>\n<\/tr>\n<tr>\n<td><span data-path-to-node=\"1,4,0,0\"><b>\u0130\u015flemci Modeli<\/b><\/span><\/td>\n<td><span data-path-to-node=\"1,4,1,0\"><b>R7 7800X3D<\/b><\/span><\/td>\n<\/tr>\n<\/tbody>\n<\/table>\n","protected":false},"excerpt":{"rendered":"<p>\u00d6zellik De\u011fer GPU \u00dcreticisi NVIDIA Grafik \u0130\u015flemci GeForce RTX 5090 \u0130\u015flemci Serisi Ryzen 7 \u0130\u015flemci Modeli R7 7800X3D<\/p>\n","protected":false},"featured_media":1285,"comment_status":"open","ping_status":"closed","template":"","meta":[],"product_brand":[],"product_cat":[172,171],"product_tag":[],"class_list":{"0":"post-1284","1":"product","2":"type-product","3":"status-publish","4":"has-post-thumbnail","6":"product_cat-asus-oem-paketler","7":"product_cat-oem-paketler","9":"first","10":"instock","11":"shipping-taxable","12":"purchasable","13":"product-type-simple"},"_links":{"self":[{"href":"https:\/\/laurateknoloji.com.tr\/index.php\/wp-json\/wp\/v2\/product\/1284","targetHints":{"allow":["GET"]}}],"collection":[{"href":"https:\/\/laurateknoloji.com.tr\/index.php\/wp-json\/wp\/v2\/product"}],"about":[{"href":"https:\/\/laurateknoloji.com.tr\/index.php\/wp-json\/wp\/v2\/types\/product"}],"replies":[{"embeddable":true,"href":"https:\/\/laurateknoloji.com.tr\/index.php\/wp-json\/wp\/v2\/comments?post=1284"}],"version-history":[{"count":1,"href":"https:\/\/laurateknoloji.com.tr\/index.php\/wp-json\/wp\/v2\/product\/1284\/revisions"}],"predecessor-version":[{"id":1286,"href":"https:\/\/laurateknoloji.com.tr\/index.php\/wp-json\/wp\/v2\/product\/1284\/revisions\/1286"}],"wp:featuredmedia":[{"embeddable":true,"href":"https:\/\/laurateknoloji.com.tr\/index.php\/wp-json\/wp\/v2\/media\/1285"}],"wp:attachment":[{"href":"https:\/\/laurateknoloji.com.tr\/index.php\/wp-json\/wp\/v2\/media?parent=1284"}],"wp:term":[{"taxonomy":"product_brand","embeddable":true,"href":"https:\/\/laurateknoloji.com.tr\/index.php\/wp-json\/wp\/v2\/product_brand?post=1284"},{"taxonomy":"product_cat","embeddable":true,"href":"https:\/\/laurateknoloji.com.tr\/index.php\/wp-json\/wp\/v2\/product_cat?post=1284"},{"taxonomy":"product_tag","embeddable":true,"href":"https:\/\/laurateknoloji.com.tr\/index.php\/wp-json\/wp\/v2\/product_tag?post=1284"}],"curies":[{"name":"wp","href":"https:\/\/api.w.org\/{rel}","templated":true}]}}