{"id":1189,"date":"2025-11-28T16:06:58","date_gmt":"2025-11-28T13:06:58","guid":{"rendered":"https:\/\/laurateknoloji.com.tr\/?post_type=product&#038;p=1189"},"modified":"2025-11-28T16:06:58","modified_gmt":"2025-11-28T13:06:58","slug":"gigabyte-gp-ud1300gm-pg5-1300w-80-plus-gold-moduler-pcie-5-0-destekli-psu-guc-kaynagi","status":"publish","type":"product","link":"https:\/\/laurateknoloji.com.tr\/index.php\/urun\/gigabyte-gp-ud1300gm-pg5-1300w-80-plus-gold-moduler-pcie-5-0-destekli-psu-guc-kaynagi\/","title":{"rendered":"GIGABYTE GP-UD1300GM PG5 1300W 80 Plus Gold Moduler PCIe 5.0 Destekli PSU G\u00fc\u00e7 Kayna\u011f\u0131"},"content":{"rendered":"<table data-path-to-node=\"1\">\n<thead>\n<tr>\n<td><strong>\u00d6zellik<\/strong><\/td>\n<td><strong>De\u011fer<\/strong><\/td>\n<\/tr>\n<\/thead>\n<tbody>\n<tr>\n<td><span data-path-to-node=\"1,1,0,0\"><b>PSU G\u00fc\u00e7 De\u011feri<\/b><\/span><\/td>\n<td><span data-path-to-node=\"1,1,1,0\"><b>1300W<\/b><\/span><\/td>\n<\/tr>\n<tr>\n<td><span data-path-to-node=\"1,2,0,0\"><b>Verimlilik<\/b><\/span><\/td>\n<td><span data-path-to-node=\"1,2,1,0\"><b>80 Plus Gold<\/b><\/span><\/td>\n<\/tr>\n<tr>\n<td><span data-path-to-node=\"1,3,0,0\"><b>Mod\u00fcller<\/b><\/span><\/td>\n<td><span data-path-to-node=\"1,3,1,0\">Full Mod\u00fcler<\/span><\/td>\n<\/tr>\n<tr>\n<td><span data-path-to-node=\"1,4,0,0\"><b>Fan Boyutu<\/b><\/span><\/td>\n<td><span data-path-to-node=\"1,4,1,0\">140mm<\/span><\/td>\n<\/tr>\n<\/tbody>\n<\/table>\n","protected":false},"excerpt":{"rendered":"<p>\u00d6zellik De\u011fer PSU G\u00fc\u00e7 De\u011feri 1300W Verimlilik 80 Plus Gold Mod\u00fcller Full Mod\u00fcler Fan Boyutu 140mm<\/p>\n","protected":false},"featured_media":1193,"comment_status":"open","ping_status":"closed","template":"","meta":[],"product_brand":[],"product_cat":[167,160],"product_tag":[],"class_list":{"0":"post-1189","1":"product","2":"type-product","3":"status-publish","4":"has-post-thumbnail","6":"product_cat-bilgisayar-kasalari","7":"product_cat-bilgisayar-parcalari","9":"first","10":"instock","11":"shipping-taxable","12":"purchasable","13":"product-type-simple"},"_links":{"self":[{"href":"https:\/\/laurateknoloji.com.tr\/index.php\/wp-json\/wp\/v2\/product\/1189","targetHints":{"allow":["GET"]}}],"collection":[{"href":"https:\/\/laurateknoloji.com.tr\/index.php\/wp-json\/wp\/v2\/product"}],"about":[{"href":"https:\/\/laurateknoloji.com.tr\/index.php\/wp-json\/wp\/v2\/types\/product"}],"replies":[{"embeddable":true,"href":"https:\/\/laurateknoloji.com.tr\/index.php\/wp-json\/wp\/v2\/comments?post=1189"}],"version-history":[{"count":1,"href":"https:\/\/laurateknoloji.com.tr\/index.php\/wp-json\/wp\/v2\/product\/1189\/revisions"}],"predecessor-version":[{"id":1194,"href":"https:\/\/laurateknoloji.com.tr\/index.php\/wp-json\/wp\/v2\/product\/1189\/revisions\/1194"}],"wp:featuredmedia":[{"embeddable":true,"href":"https:\/\/laurateknoloji.com.tr\/index.php\/wp-json\/wp\/v2\/media\/1193"}],"wp:attachment":[{"href":"https:\/\/laurateknoloji.com.tr\/index.php\/wp-json\/wp\/v2\/media?parent=1189"}],"wp:term":[{"taxonomy":"product_brand","embeddable":true,"href":"https:\/\/laurateknoloji.com.tr\/index.php\/wp-json\/wp\/v2\/product_brand?post=1189"},{"taxonomy":"product_cat","embeddable":true,"href":"https:\/\/laurateknoloji.com.tr\/index.php\/wp-json\/wp\/v2\/product_cat?post=1189"},{"taxonomy":"product_tag","embeddable":true,"href":"https:\/\/laurateknoloji.com.tr\/index.php\/wp-json\/wp\/v2\/product_tag?post=1189"}],"curies":[{"name":"wp","href":"https:\/\/api.w.org\/{rel}","templated":true}]}}