{"id":1183,"date":"2025-11-28T16:04:56","date_gmt":"2025-11-28T13:04:56","guid":{"rendered":"https:\/\/laurateknoloji.com.tr\/?post_type=product&#038;p=1183"},"modified":"2025-11-28T16:04:56","modified_gmt":"2025-11-28T13:04:56","slug":"msi-mpg-sekira-500x-temperli-camli-200mm-argb-fanli-mid-tower-kasa","status":"publish","type":"product","link":"https:\/\/laurateknoloji.com.tr\/index.php\/urun\/msi-mpg-sekira-500x-temperli-camli-200mm-argb-fanli-mid-tower-kasa\/","title":{"rendered":"MSI MPG SEKIRA 500X Temperli Caml\u0131 200mm ARGB Fanl\u0131 Mid-Tower Kasa"},"content":{"rendered":"<table data-path-to-node=\"1\">\n<thead>\n<tr>\n<td><strong>\u00d6zellik<\/strong><\/td>\n<td><strong>De\u011fer<\/strong><\/td>\n<\/tr>\n<\/thead>\n<tbody>\n<tr>\n<td><span data-path-to-node=\"1,1,0,0\"><b>Yap\u0131<\/b><\/span><\/td>\n<td><span data-path-to-node=\"1,1,1,0\">Middle Tower<\/span><\/td>\n<\/tr>\n<tr>\n<td><span data-path-to-node=\"1,2,0,0\"><b>Anakart Deste\u011fi<\/b><\/span><\/td>\n<td><span data-path-to-node=\"1,2,1,0\">E-ATX, ATX, MicroATX, Mini-ITX<\/span><\/td>\n<\/tr>\n<tr>\n<td><span data-path-to-node=\"1,3,0,0\"><b>G\u00fc\u00e7 Kayna\u011f\u0131<\/b><\/span><\/td>\n<td><span data-path-to-node=\"1,3,1,0\">Yok<\/span><\/td>\n<\/tr>\n<tr>\n<td><span data-path-to-node=\"1,4,0,0\"><b>Radyat\u00f6r Boyutu<\/b><\/span><\/td>\n<td><span data-path-to-node=\"1,4,1,0\">120mm, 240mm, 280mm, 360mm<\/span><\/td>\n<\/tr>\n<tr>\n<td><span data-path-to-node=\"1,5,0,0\"><b>Fan Tipi<\/b><\/span><\/td>\n<td><span data-path-to-node=\"1,5,1,0\"><b>ARGB<\/b><\/span><\/td>\n<\/tr>\n<tr>\n<td><span data-path-to-node=\"1,6,0,0\"><b>Fan Boyutu<\/b><\/span><\/td>\n<td><span data-path-to-node=\"1,6,1,0\">120mm, 200mm<\/span><\/td>\n<\/tr>\n<tr>\n<td><span data-path-to-node=\"1,7,0,0\"><b>Dahili Fan Say\u0131s\u0131<\/b><\/span><\/td>\n<td><span data-path-to-node=\"1,7,1,0\">4<\/span><\/td>\n<\/tr>\n<tr>\n<td><span data-path-to-node=\"1,8,0,0\"><b>2.5&#8221; Disk Yuvalar\u0131<\/b><\/span><\/td>\n<td><span data-path-to-node=\"1,8,1,0\">3<\/span><\/td>\n<\/tr>\n<tr>\n<td><span data-path-to-node=\"1,9,0,0\"><b>3.5&#8221; Disk Yuvalar\u0131<\/b><\/span><\/td>\n<td><span data-path-to-node=\"1,9,1,0\">4<\/span><\/td>\n<\/tr>\n<tr>\n<td><span data-path-to-node=\"1,10,0,0\"><b>TYPE-C<\/b><\/span><\/td>\n<td><span data-path-to-node=\"1,10,1,0\">1<\/span><\/td>\n<\/tr>\n<tr>\n<td><span data-path-to-node=\"1,11,0,0\"><b>USB 3.2<\/b><\/span><\/td>\n<td><span data-path-to-node=\"1,11,1,0\">4<\/span><\/td>\n<\/tr>\n<tr>\n<td><span data-path-to-node=\"1,12,0,0\"><b>Ses Jack<\/b><\/span><\/td>\n<td><span data-path-to-node=\"1,12,1,0\">Var<\/span><\/td>\n<\/tr>\n<\/tbody>\n<\/table>\n","protected":false},"excerpt":{"rendered":"<p>\u00d6zellik De\u011fer Yap\u0131 Middle Tower Anakart Deste\u011fi E-ATX, ATX, MicroATX, Mini-ITX G\u00fc\u00e7 Kayna\u011f\u0131 Yok Radyat\u00f6r Boyutu 120mm, 240mm, 280mm, 360mm Fan Tipi ARGB Fan Boyutu 120mm,<span class=\"excerpt-hellip\"> [\u2026]<\/span><\/p>\n","protected":false},"featured_media":1187,"comment_status":"open","ping_status":"closed","template":"","meta":[],"product_brand":[],"product_cat":[167,160],"product_tag":[],"class_list":{"0":"post-1183","1":"product","2":"type-product","3":"status-publish","4":"has-post-thumbnail","6":"product_cat-bilgisayar-kasalari","7":"product_cat-bilgisayar-parcalari","9":"first","10":"instock","11":"shipping-taxable","12":"purchasable","13":"product-type-simple"},"_links":{"self":[{"href":"https:\/\/laurateknoloji.com.tr\/index.php\/wp-json\/wp\/v2\/product\/1183","targetHints":{"allow":["GET"]}}],"collection":[{"href":"https:\/\/laurateknoloji.com.tr\/index.php\/wp-json\/wp\/v2\/product"}],"about":[{"href":"https:\/\/laurateknoloji.com.tr\/index.php\/wp-json\/wp\/v2\/types\/product"}],"replies":[{"embeddable":true,"href":"https:\/\/laurateknoloji.com.tr\/index.php\/wp-json\/wp\/v2\/comments?post=1183"}],"version-history":[{"count":1,"href":"https:\/\/laurateknoloji.com.tr\/index.php\/wp-json\/wp\/v2\/product\/1183\/revisions"}],"predecessor-version":[{"id":1188,"href":"https:\/\/laurateknoloji.com.tr\/index.php\/wp-json\/wp\/v2\/product\/1183\/revisions\/1188"}],"wp:featuredmedia":[{"embeddable":true,"href":"https:\/\/laurateknoloji.com.tr\/index.php\/wp-json\/wp\/v2\/media\/1187"}],"wp:attachment":[{"href":"https:\/\/laurateknoloji.com.tr\/index.php\/wp-json\/wp\/v2\/media?parent=1183"}],"wp:term":[{"taxonomy":"product_brand","embeddable":true,"href":"https:\/\/laurateknoloji.com.tr\/index.php\/wp-json\/wp\/v2\/product_brand?post=1183"},{"taxonomy":"product_cat","embeddable":true,"href":"https:\/\/laurateknoloji.com.tr\/index.php\/wp-json\/wp\/v2\/product_cat?post=1183"},{"taxonomy":"product_tag","embeddable":true,"href":"https:\/\/laurateknoloji.com.tr\/index.php\/wp-json\/wp\/v2\/product_tag?post=1183"}],"curies":[{"name":"wp","href":"https:\/\/api.w.org\/{rel}","templated":true}]}}