{"id":1176,"date":"2025-11-28T15:48:30","date_gmt":"2025-11-28T12:48:30","guid":{"rendered":"https:\/\/laurateknoloji.com.tr\/?post_type=product&#038;p=1176"},"modified":"2025-11-28T15:48:30","modified_gmt":"2025-11-28T12:48:30","slug":"cooler-master-cosmos-c700p-black-edition-rgb-full-tower-kasa","status":"publish","type":"product","link":"https:\/\/laurateknoloji.com.tr\/index.php\/urun\/cooler-master-cosmos-c700p-black-edition-rgb-full-tower-kasa\/","title":{"rendered":"COOLER MASTER COSMOS C700P Black Edition RGB Full Tower Kasa"},"content":{"rendered":"<table data-path-to-node=\"1\">\n<thead>\n<tr>\n<td><strong>\u00d6zellik<\/strong><\/td>\n<td><strong>De\u011fer<\/strong><\/td>\n<\/tr>\n<\/thead>\n<tbody>\n<tr>\n<td><span data-path-to-node=\"1,1,0,0\"><b>Yap\u0131<\/b><\/span><\/td>\n<td><span data-path-to-node=\"1,1,1,0\">Full Tower<\/span><\/td>\n<\/tr>\n<tr>\n<td><span data-path-to-node=\"1,2,0,0\"><b>Anakart Deste\u011fi<\/b><\/span><\/td>\n<td><span data-path-to-node=\"1,2,1,0\">E-ATX, ATX, MicroATX, Mini-ITX<\/span><\/td>\n<\/tr>\n<tr>\n<td><span data-path-to-node=\"1,3,0,0\"><b>G\u00fc\u00e7 Kayna\u011f\u0131<\/b><\/span><\/td>\n<td><span data-path-to-node=\"1,3,1,0\">Yok<\/span><\/td>\n<\/tr>\n<tr>\n<td><span data-path-to-node=\"1,4,0,0\"><b>Radyat\u00f6r Boyutu<\/b><\/span><\/td>\n<td><span data-path-to-node=\"1,4,1,0\">120mm, 240mm, 280mm, 360mm<\/span><\/td>\n<\/tr>\n<tr>\n<td><span data-path-to-node=\"1,5,0,0\"><b>Fan Tipi<\/b><\/span><\/td>\n<td><span data-path-to-node=\"1,5,1,0\">Standart Fan<\/span><\/td>\n<\/tr>\n<tr>\n<td><span data-path-to-node=\"1,6,0,0\"><b>Fan Boyutu<\/b><\/span><\/td>\n<td><span data-path-to-node=\"1,6,1,0\">140mm<\/span><\/td>\n<\/tr>\n<tr>\n<td><span data-path-to-node=\"1,7,0,0\"><b>Dahili Fan Say\u0131s\u0131<\/b><\/span><\/td>\n<td><span data-path-to-node=\"1,7,1,0\">3<\/span><\/td>\n<\/tr>\n<tr>\n<td><span data-path-to-node=\"1,8,0,0\"><b>2.5&#8221; Disk Yuvalar\u0131<\/b><\/span><\/td>\n<td><span data-path-to-node=\"1,8,1,0\">4<\/span><\/td>\n<\/tr>\n<tr>\n<td><span data-path-to-node=\"1,9,0,0\"><b>3.5&#8221; Disk Yuvalar\u0131<\/b><\/span><\/td>\n<td><span data-path-to-node=\"1,9,1,0\">2<\/span><\/td>\n<\/tr>\n<tr>\n<td><span data-path-to-node=\"1,10,0,0\"><b>TYPE-C<\/b><\/span><\/td>\n<td><span data-path-to-node=\"1,10,1,0\">1<\/span><\/td>\n<\/tr>\n<tr>\n<td><span data-path-to-node=\"1,11,0,0\"><b>USB 3.0<\/b><\/span><\/td>\n<td><span data-path-to-node=\"1,11,1,0\">4<\/span><\/td>\n<\/tr>\n<tr>\n<td><span data-path-to-node=\"1,12,0,0\"><b>Ses Jack<\/b><\/span><\/td>\n<td><span data-path-to-node=\"1,12,1,0\">Var<\/span><\/td>\n<\/tr>\n<\/tbody>\n<\/table>\n","protected":false},"excerpt":{"rendered":"<p>\u00d6zellik De\u011fer Yap\u0131 Full Tower Anakart Deste\u011fi E-ATX, ATX, MicroATX, Mini-ITX G\u00fc\u00e7 Kayna\u011f\u0131 Yok Radyat\u00f6r Boyutu 120mm, 240mm, 280mm, 360mm Fan Tipi Standart Fan Fan Boyutu<span class=\"excerpt-hellip\"> [\u2026]<\/span><\/p>\n","protected":false},"featured_media":1180,"comment_status":"open","ping_status":"closed","template":"","meta":[],"product_brand":[],"product_cat":[167,160],"product_tag":[],"class_list":{"0":"post-1176","1":"product","2":"type-product","3":"status-publish","4":"has-post-thumbnail","6":"product_cat-bilgisayar-kasalari","7":"product_cat-bilgisayar-parcalari","9":"first","10":"instock","11":"shipping-taxable","12":"purchasable","13":"product-type-simple"},"_links":{"self":[{"href":"https:\/\/laurateknoloji.com.tr\/index.php\/wp-json\/wp\/v2\/product\/1176","targetHints":{"allow":["GET"]}}],"collection":[{"href":"https:\/\/laurateknoloji.com.tr\/index.php\/wp-json\/wp\/v2\/product"}],"about":[{"href":"https:\/\/laurateknoloji.com.tr\/index.php\/wp-json\/wp\/v2\/types\/product"}],"replies":[{"embeddable":true,"href":"https:\/\/laurateknoloji.com.tr\/index.php\/wp-json\/wp\/v2\/comments?post=1176"}],"version-history":[{"count":1,"href":"https:\/\/laurateknoloji.com.tr\/index.php\/wp-json\/wp\/v2\/product\/1176\/revisions"}],"predecessor-version":[{"id":1181,"href":"https:\/\/laurateknoloji.com.tr\/index.php\/wp-json\/wp\/v2\/product\/1176\/revisions\/1181"}],"wp:featuredmedia":[{"embeddable":true,"href":"https:\/\/laurateknoloji.com.tr\/index.php\/wp-json\/wp\/v2\/media\/1180"}],"wp:attachment":[{"href":"https:\/\/laurateknoloji.com.tr\/index.php\/wp-json\/wp\/v2\/media?parent=1176"}],"wp:term":[{"taxonomy":"product_brand","embeddable":true,"href":"https:\/\/laurateknoloji.com.tr\/index.php\/wp-json\/wp\/v2\/product_brand?post=1176"},{"taxonomy":"product_cat","embeddable":true,"href":"https:\/\/laurateknoloji.com.tr\/index.php\/wp-json\/wp\/v2\/product_cat?post=1176"},{"taxonomy":"product_tag","embeddable":true,"href":"https:\/\/laurateknoloji.com.tr\/index.php\/wp-json\/wp\/v2\/product_tag?post=1176"}],"curies":[{"name":"wp","href":"https:\/\/api.w.org\/{rel}","templated":true}]}}