{"id":1170,"date":"2025-11-28T15:47:11","date_gmt":"2025-11-28T12:47:11","guid":{"rendered":"https:\/\/laurateknoloji.com.tr\/?post_type=product&#038;p=1170"},"modified":"2025-11-28T15:47:11","modified_gmt":"2025-11-28T12:47:11","slug":"corsair-obsidian-serisi-1000d-super-tower-kasa-cc-9011148-ww","status":"publish","type":"product","link":"https:\/\/laurateknoloji.com.tr\/index.php\/urun\/corsair-obsidian-serisi-1000d-super-tower-kasa-cc-9011148-ww\/","title":{"rendered":"CORSAIR OBSIDIAN Serisi 1000D S\u00fcper Tower Kasa-CC-9011148-WW"},"content":{"rendered":"<table data-path-to-node=\"1\">\n<thead>\n<tr>\n<td><strong>\u00d6zellik<\/strong><\/td>\n<td><strong>De\u011fer<\/strong><\/td>\n<\/tr>\n<\/thead>\n<tbody>\n<tr>\n<td><span data-path-to-node=\"1,1,0,0\"><b>Yap\u0131<\/b><\/span><\/td>\n<td><span data-path-to-node=\"1,1,1,0\">Super Tower<\/span><\/td>\n<\/tr>\n<tr>\n<td><span data-path-to-node=\"1,2,0,0\"><b>Anakart Deste\u011fi<\/b><\/span><\/td>\n<td><span data-path-to-node=\"1,2,1,0\">E-ATX, ATX, MicroATX, Mini-ITX<\/span><\/td>\n<\/tr>\n<tr>\n<td><span data-path-to-node=\"1,3,0,0\"><b>G\u00fc\u00e7 Kayna\u011f\u0131<\/b><\/span><\/td>\n<td><span data-path-to-node=\"1,3,1,0\">Yok<\/span><\/td>\n<\/tr>\n<tr>\n<td><span data-path-to-node=\"1,4,0,0\"><b>Radyat\u00f6r Boyutu<\/b><\/span><\/td>\n<td><span data-path-to-node=\"1,4,1,0\">120mm, 240mm, 280mm, 360mm<\/span><\/td>\n<\/tr>\n<tr>\n<td><span data-path-to-node=\"1,5,0,0\"><b>Dahili Fan Say\u0131s\u0131<\/b><\/span><\/td>\n<td><span data-path-to-node=\"1,5,1,0\">Fans\u0131z<\/span><\/td>\n<\/tr>\n<tr>\n<td><span data-path-to-node=\"1,6,0,0\"><b>2.5&#8221; Disk Yuvalar\u0131<\/b><\/span><\/td>\n<td><span data-path-to-node=\"1,6,1,0\">6<\/span><\/td>\n<\/tr>\n<tr>\n<td><span data-path-to-node=\"1,7,0,0\"><b>3.5&#8221; Disk Yuvalar\u0131<\/b><\/span><\/td>\n<td><span data-path-to-node=\"1,7,1,0\">2<\/span><\/td>\n<\/tr>\n<\/tbody>\n<\/table>\n","protected":false},"excerpt":{"rendered":"<p>\u00d6zellik De\u011fer Yap\u0131 Super Tower Anakart Deste\u011fi E-ATX, ATX, MicroATX, Mini-ITX G\u00fc\u00e7 Kayna\u011f\u0131 Yok Radyat\u00f6r Boyutu 120mm, 240mm, 280mm, 360mm Dahili Fan Say\u0131s\u0131 Fans\u0131z 2.5&#8221; Disk<span class=\"excerpt-hellip\"> [\u2026]<\/span><\/p>\n","protected":false},"featured_media":1174,"comment_status":"open","ping_status":"closed","template":"","meta":[],"product_brand":[],"product_cat":[167,160],"product_tag":[],"class_list":{"0":"post-1170","1":"product","2":"type-product","3":"status-publish","4":"has-post-thumbnail","6":"product_cat-bilgisayar-kasalari","7":"product_cat-bilgisayar-parcalari","9":"first","10":"instock","11":"shipping-taxable","12":"purchasable","13":"product-type-simple"},"_links":{"self":[{"href":"https:\/\/laurateknoloji.com.tr\/index.php\/wp-json\/wp\/v2\/product\/1170","targetHints":{"allow":["GET"]}}],"collection":[{"href":"https:\/\/laurateknoloji.com.tr\/index.php\/wp-json\/wp\/v2\/product"}],"about":[{"href":"https:\/\/laurateknoloji.com.tr\/index.php\/wp-json\/wp\/v2\/types\/product"}],"replies":[{"embeddable":true,"href":"https:\/\/laurateknoloji.com.tr\/index.php\/wp-json\/wp\/v2\/comments?post=1170"}],"version-history":[{"count":1,"href":"https:\/\/laurateknoloji.com.tr\/index.php\/wp-json\/wp\/v2\/product\/1170\/revisions"}],"predecessor-version":[{"id":1175,"href":"https:\/\/laurateknoloji.com.tr\/index.php\/wp-json\/wp\/v2\/product\/1170\/revisions\/1175"}],"wp:featuredmedia":[{"embeddable":true,"href":"https:\/\/laurateknoloji.com.tr\/index.php\/wp-json\/wp\/v2\/media\/1174"}],"wp:attachment":[{"href":"https:\/\/laurateknoloji.com.tr\/index.php\/wp-json\/wp\/v2\/media?parent=1170"}],"wp:term":[{"taxonomy":"product_brand","embeddable":true,"href":"https:\/\/laurateknoloji.com.tr\/index.php\/wp-json\/wp\/v2\/product_brand?post=1170"},{"taxonomy":"product_cat","embeddable":true,"href":"https:\/\/laurateknoloji.com.tr\/index.php\/wp-json\/wp\/v2\/product_cat?post=1170"},{"taxonomy":"product_tag","embeddable":true,"href":"https:\/\/laurateknoloji.com.tr\/index.php\/wp-json\/wp\/v2\/product_tag?post=1170"}],"curies":[{"name":"wp","href":"https:\/\/api.w.org\/{rel}","templated":true}]}}