{"id":1104,"date":"2025-11-28T15:00:30","date_gmt":"2025-11-28T12:00:30","guid":{"rendered":"https:\/\/laurateknoloji.com.tr\/?post_type=product&#038;p=1104"},"modified":"2025-11-28T15:00:30","modified_gmt":"2025-11-28T12:00:30","slug":"kingston-beast-64gb-2x32-ddr5-5600mhz-cl36-amd-expo-sertifikali-ram-kf556c36bbek2-64tr","status":"publish","type":"product","link":"https:\/\/laurateknoloji.com.tr\/index.php\/urun\/kingston-beast-64gb-2x32-ddr5-5600mhz-cl36-amd-expo-sertifikali-ram-kf556c36bbek2-64tr\/","title":{"rendered":"Kingston Beast 64GB (2&#215;32) DDR5 5600MHz CL36 AMD Expo Sertifikal\u0131 Ram-KF556C36BBEK2-64TR"},"content":{"rendered":"<table data-path-to-node=\"1\">\n<thead>\n<tr>\n<td><strong>\u00d6zellik<\/strong><\/td>\n<td><strong>De\u011fer<\/strong><\/td>\n<\/tr>\n<\/thead>\n<tbody>\n<tr>\n<td><span data-path-to-node=\"1,1,0,0\"><b>Ram Frekans H\u0131z\u0131<\/b><\/span><\/td>\n<td><span data-path-to-node=\"1,1,1,0\">5600 MHz<\/span><\/td>\n<\/tr>\n<tr>\n<td><span data-path-to-node=\"1,2,0,0\"><b>Gecikme S\u00fcresi<\/b><\/span><\/td>\n<td><span data-path-to-node=\"1,2,1,0\">CL36<\/span><\/td>\n<\/tr>\n<tr>\n<td><span data-path-to-node=\"1,3,0,0\"><b>Kit<\/b><\/span><\/td>\n<td><span data-path-to-node=\"1,3,1,0\">Dual Kit (\u0130kili)<\/span><\/td>\n<\/tr>\n<tr>\n<td><span data-path-to-node=\"1,4,0,0\"><b>Mod\u00fcl Say\u0131s\u0131<\/b><\/span><\/td>\n<td><span data-path-to-node=\"1,4,1,0\">2 x 32 GB<\/span><\/td>\n<\/tr>\n<tr>\n<td><span data-path-to-node=\"1,5,0,0\"><b>Ram Kapasitesi<\/b><\/span><\/td>\n<td><span data-path-to-node=\"1,5,1,0\">32 GB<\/span><\/td>\n<\/tr>\n<tr>\n<td><span data-path-to-node=\"1,6,0,0\"><b>Kullan\u0131m Alan\u0131<\/b><\/span><\/td>\n<td><span data-path-to-node=\"1,6,1,0\">Masa\u00fcst\u00fc PC<\/span><\/td>\n<\/tr>\n<tr>\n<td><span data-path-to-node=\"1,7,0,0\"><b>Ram Tipi<\/b><\/span><\/td>\n<td><span data-path-to-node=\"1,7,1,0\">DDR5<\/span><\/td>\n<\/tr>\n<\/tbody>\n<\/table>\n","protected":false},"excerpt":{"rendered":"<p>\u00d6zellik De\u011fer Ram Frekans H\u0131z\u0131 5600 MHz Gecikme S\u00fcresi CL36 Kit Dual Kit (\u0130kili) Mod\u00fcl Say\u0131s\u0131 2 x 32 GB Ram Kapasitesi 32 GB Kullan\u0131m Alan\u0131<span class=\"excerpt-hellip\"> [\u2026]<\/span><\/p>\n","protected":false},"featured_media":1108,"comment_status":"open","ping_status":"closed","template":"","meta":[],"product_brand":[],"product_cat":[160,164],"product_tag":[],"class_list":{"0":"post-1104","1":"product","2":"type-product","3":"status-publish","4":"has-post-thumbnail","6":"product_cat-bilgisayar-parcalari","7":"product_cat-ram","9":"first","10":"instock","11":"shipping-taxable","12":"purchasable","13":"product-type-simple"},"_links":{"self":[{"href":"https:\/\/laurateknoloji.com.tr\/index.php\/wp-json\/wp\/v2\/product\/1104","targetHints":{"allow":["GET"]}}],"collection":[{"href":"https:\/\/laurateknoloji.com.tr\/index.php\/wp-json\/wp\/v2\/product"}],"about":[{"href":"https:\/\/laurateknoloji.com.tr\/index.php\/wp-json\/wp\/v2\/types\/product"}],"replies":[{"embeddable":true,"href":"https:\/\/laurateknoloji.com.tr\/index.php\/wp-json\/wp\/v2\/comments?post=1104"}],"version-history":[{"count":1,"href":"https:\/\/laurateknoloji.com.tr\/index.php\/wp-json\/wp\/v2\/product\/1104\/revisions"}],"predecessor-version":[{"id":1109,"href":"https:\/\/laurateknoloji.com.tr\/index.php\/wp-json\/wp\/v2\/product\/1104\/revisions\/1109"}],"wp:featuredmedia":[{"embeddable":true,"href":"https:\/\/laurateknoloji.com.tr\/index.php\/wp-json\/wp\/v2\/media\/1108"}],"wp:attachment":[{"href":"https:\/\/laurateknoloji.com.tr\/index.php\/wp-json\/wp\/v2\/media?parent=1104"}],"wp:term":[{"taxonomy":"product_brand","embeddable":true,"href":"https:\/\/laurateknoloji.com.tr\/index.php\/wp-json\/wp\/v2\/product_brand?post=1104"},{"taxonomy":"product_cat","embeddable":true,"href":"https:\/\/laurateknoloji.com.tr\/index.php\/wp-json\/wp\/v2\/product_cat?post=1104"},{"taxonomy":"product_tag","embeddable":true,"href":"https:\/\/laurateknoloji.com.tr\/index.php\/wp-json\/wp\/v2\/product_tag?post=1104"}],"curies":[{"name":"wp","href":"https:\/\/api.w.org\/{rel}","templated":true}]}}